{"id":2373,"date":"2022-02-16T16:08:07","date_gmt":"2022-02-16T14:08:07","guid":{"rendered":"https:\/\/grandhotelhanko.fi\/tietosuojaseloste\/"},"modified":"2022-06-10T12:12:30","modified_gmt":"2022-06-10T09:12:30","slug":"privacy-policy","status":"publish","type":"page","link":"https:\/\/grandhotelhanko.fi\/en\/privacy-policy\/","title":{"rendered":"Privacy policy"},"content":{"rendered":"<style>#kt-layout-id_a2f6ca-41 > .kt-row-column-wrap{align-content:start;}:where(#kt-layout-id_a2f6ca-41 > .kt-row-column-wrap) > .wp-block-kadence-column{justify-content:start;}#kt-layout-id_a2f6ca-41 > .kt-row-column-wrap{column-gap:var(--global-kb-gap-md, 2rem);row-gap:var(--global-kb-gap-md, 2rem);padding-top:var( --global-kb-row-default-top, 25px );padding-bottom:var( --global-kb-row-default-bottom, 25px );padding-top:170px;padding-bottom:0px;padding-left:0px;padding-right:0px;grid-template-columns:minmax(0, 1fr);}#kt-layout-id_a2f6ca-41{background-image:url('https:\/\/grandhotelhanko.fi\/wp-content\/uploads\/2022\/02\/hero_bg-scaled.jpg');background-size:cover;background-position:center center;background-attachment:scroll;background-repeat:no-repeat;}#kt-layout-id_a2f6ca-41 > .kt-row-layout-overlay{opacity:0.30;}#kt-layout-id_a2f6ca-41 ,#kt-layout-id_a2f6ca-41 h1,#kt-layout-id_a2f6ca-41 h2,#kt-layout-id_a2f6ca-41 h3,#kt-layout-id_a2f6ca-41 h4,#kt-layout-id_a2f6ca-41 h5,#kt-layout-id_a2f6ca-41 h6{color:var(--global-palette9, #ffffff);}@media all and (max-width: 1024px){#kt-layout-id_a2f6ca-41 > .kt-row-column-wrap{padding-top:100px;grid-template-columns:minmax(0, 1fr);}}@media all and (max-width: 767px){#kt-layout-id_a2f6ca-41 > .kt-row-column-wrap{padding-top:80px;padding-bottom:0px;grid-template-columns:minmax(0, 1fr);}}<\/style>\n<div class=\"wp-block-kadence-rowlayout alignnone\"><div id=\"kt-layout-id_a2f6ca-41\" class=\"kt-row-layout-inner kt-row-has-bg kt-layout-id_a2f6ca-41\"><div class=\"kt-row-column-wrap kt-has-1-columns kt-gutter-default kt-v-gutter-default kt-row-valign-top kt-row-layout-equal kt-tab-layout-inherit kt-m-colapse-left-to-right kt-mobile-layout-row\"><style>.kadence-column_1d1ee7-a3 > .kt-inside-inner-col{border-top-width:0px;border-right-width:0px;border-bottom-width:0px;border-left-width:0px;}.kadence-column_1d1ee7-a3 > .kt-inside-inner-col,.kadence-column_1d1ee7-a3 > .kt-inside-inner-col:before{border-top-left-radius:0px;border-top-right-radius:0px;border-bottom-right-radius:0px;border-bottom-left-radius:0px;}.kadence-column_1d1ee7-a3 > .kt-inside-inner-col{column-gap:var(--global-kb-gap-sm, 1rem);}.kadence-column_1d1ee7-a3 > .kt-inside-inner-col{flex-direction:column;}.kadence-column_1d1ee7-a3 > .kt-inside-inner-col > .aligncenter{width:100%;}.kadence-column_1d1ee7-a3 > .kt-inside-inner-col:before{opacity:0.3;}.kadence-column_1d1ee7-a3{position:relative;}@media all and (max-width: 1024px){.kadence-column_1d1ee7-a3 > .kt-inside-inner-col{flex-direction:column;justify-content:center;}}@media all and (max-width: 767px){.kadence-column_1d1ee7-a3 > .kt-inside-inner-col{flex-direction:column;justify-content:center;}}<\/style>\n<div class=\"wp-block-kadence-column inner-column-1 kadence-column_1d1ee7-a3\"><div class=\"kt-inside-inner-col\"><style>#kt-layout-id_d41959-75 > .kt-row-column-wrap{align-content:start;}:where(#kt-layout-id_d41959-75 > .kt-row-column-wrap) > .wp-block-kadence-column{justify-content:start;}#kt-layout-id_d41959-75 > .kt-row-column-wrap{column-gap:var(--global-kb-gap-md, 2rem);row-gap:var(--global-kb-gap-md, 2rem);max-width:var( --global-content-width, 1170px );padding-left:var(--global-content-edge-padding);padding-right:var(--global-content-edge-padding);padding-top:var( --global-kb-row-default-top, 25px );padding-bottom:var( --global-kb-row-default-bottom, 25px );padding-top:0px;padding-bottom:0px;grid-template-columns:minmax(0, 1fr);}#kt-layout-id_d41959-75 > .kt-row-layout-overlay{opacity:0.30;}@media all and (max-width: 1024px){#kt-layout-id_d41959-75 > .kt-row-column-wrap{grid-template-columns:minmax(0, 1fr);}}@media all and (max-width: 767px){#kt-layout-id_d41959-75 > .kt-row-column-wrap{grid-template-columns:minmax(0, 1fr);}}<\/style>\n<div class=\"wp-block-kadence-rowlayout alignnone\"><div id=\"kt-layout-id_d41959-75\" class=\"kt-row-layout-inner kt-layout-id_d41959-75\"><div class=\"kt-row-column-wrap kt-has-1-columns kt-gutter-default kt-v-gutter-default kt-row-valign-top kt-row-layout-equal kt-tab-layout-inherit kt-m-colapse-left-to-right kt-mobile-layout-row kb-theme-content-width\"><style>.kadence-column_17222a-de > .kt-inside-inner-col{padding-top:65px;padding-bottom:65px;}.kadence-column_17222a-de > .kt-inside-inner-col{border-top-width:0px;border-right-width:0px;border-bottom-width:0px;border-left-width:0px;}.kadence-column_17222a-de > .kt-inside-inner-col,.kadence-column_17222a-de > .kt-inside-inner-col:before{border-top-left-radius:0px;border-top-right-radius:0px;border-bottom-right-radius:0px;border-bottom-left-radius:0px;}.kadence-column_17222a-de > .kt-inside-inner-col{column-gap:var(--global-kb-gap-sm, 1rem);}.kadence-column_17222a-de > .kt-inside-inner-col{flex-direction:column;}.kadence-column_17222a-de > .kt-inside-inner-col > .aligncenter{width:100%;}.kadence-column_17222a-de > .kt-inside-inner-col:before{opacity:0.3;}.kadence-column_17222a-de{position:relative;}@media all and (max-width: 1024px){.kadence-column_17222a-de > .kt-inside-inner-col{padding-top:49px;padding-bottom:49px;flex-direction:column;justify-content:center;}}@media all and (max-width: 767px){.kadence-column_17222a-de > .kt-inside-inner-col{padding-top:39px;padding-bottom:39px;flex-direction:column;justify-content:center;}}<\/style>\n<div class=\"wp-block-kadence-column inner-column-1 kadence-column_17222a-de\"><div class=\"kt-inside-inner-col\"><style>.wp-block-kadence-advancedheading.kt-adv-heading_6986a3-cf1, .wp-block-kadence-advancedheading.kt-adv-heading_6986a3-cf1[data-kb-block=\"kb-adv-heading_6986a3-cf1\"]{font-style:normal;}.wp-block-kadence-advancedheading.kt-adv-heading_6986a3-cf1 mark.kt-highlight, .wp-block-kadence-advancedheading.kt-adv-heading_6986a3-cf1[data-kb-block=\"kb-adv-heading_6986a3-cf1\"] mark.kt-highlight{font-style:normal;color:var(--global-palette9, #ffffff);border-color:var(--global-palette1, #3182CE);-webkit-box-decoration-break:clone;box-decoration-break:clone;padding-top:0px;padding-right:0px;padding-bottom:0px;padding-left:0px;}.wp-block-kadence-advancedheading.kt-adv-heading_6986a3-cf1 img.kb-inline-image, .wp-block-kadence-advancedheading.kt-adv-heading_6986a3-cf1[data-kb-block=\"kb-adv-heading_6986a3-cf1\"] img.kb-inline-image{width:150px;vertical-align:baseline;}<\/style>\n<h1 class=\"kt-adv-heading_6986a3-cf1 wp-block-kadence-advancedheading\" data-kb-block=\"kb-adv-heading_6986a3-cf1\"><mark class=\"kt-highlight\">Privacy policy<\/mark><\/h1>\n<\/div><\/div>\n<\/div><\/div><\/div>\n<\/div><\/div>\n<\/div><\/div><\/div>\n\n\n<style>#kt-layout-id_6ff13b-cd > .kt-row-column-wrap{align-content:start;}:where(#kt-layout-id_6ff13b-cd > .kt-row-column-wrap) > .wp-block-kadence-column{justify-content:start;}#kt-layout-id_6ff13b-cd > .kt-row-column-wrap{column-gap:var(--global-kb-gap-md, 2rem);row-gap:var(--global-kb-gap-md, 2rem);max-width:var( --global-content-width, 1170px );padding-left:var(--global-content-edge-padding);padding-right:var(--global-content-edge-padding);padding-top:var( --global-kb-row-default-top, 25px );padding-bottom:var( --global-kb-row-default-bottom, 25px );padding-top:80px;padding-bottom:80px;grid-template-columns:minmax(0, calc(80% - ((var(--global-kb-gap-md, 2rem) * 1 )\/2)))minmax(0, calc(20% - ((var(--global-kb-gap-md, 2rem) * 1 )\/2)));}#kt-layout-id_6ff13b-cd > .kt-row-layout-overlay{opacity:0.30;}@media all and (max-width: 1024px){#kt-layout-id_6ff13b-cd > .kt-row-column-wrap{grid-template-columns:minmax(0, 2fr) minmax(0, 1fr);}}@media all and (max-width: 767px){#kt-layout-id_6ff13b-cd > .kt-row-column-wrap{grid-template-columns:minmax(0, 1fr);}}<\/style>\n<div class=\"wp-block-kadence-rowlayout alignnone\"><div id=\"kt-layout-id_6ff13b-cd\" class=\"kt-row-layout-inner kt-layout-id_6ff13b-cd\"><div class=\"kt-row-column-wrap kt-has-2-columns kt-gutter-default kt-v-gutter-default kt-row-valign-top kt-row-layout-left-golden kt-tab-layout-inherit kt-m-colapse-left-to-right kt-mobile-layout-row  kt-custom-first-width-80  kt-custom-second-width-20 kb-theme-content-width\"><style>.kadence-column_038527-00 > .kt-inside-inner-col{border-top-width:0px;border-right-width:0px;border-bottom-width:0px;border-left-width:0px;}.kadence-column_038527-00 > .kt-inside-inner-col,.kadence-column_038527-00 > .kt-inside-inner-col:before{border-top-left-radius:0px;border-top-right-radius:0px;border-bottom-right-radius:0px;border-bottom-left-radius:0px;}.kadence-column_038527-00 > .kt-inside-inner-col{column-gap:var(--global-kb-gap-sm, 1rem);}.kadence-column_038527-00 > .kt-inside-inner-col{flex-direction:column;}.kadence-column_038527-00 > .kt-inside-inner-col > .aligncenter{width:100%;}.kadence-column_038527-00 > .kt-inside-inner-col:before{opacity:0.3;}.kadence-column_038527-00{position:relative;}@media all and (max-width: 1024px){.kadence-column_038527-00 > .kt-inside-inner-col{flex-direction:column;justify-content:center;}}@media all and (max-width: 767px){.kadence-column_038527-00 > .kt-inside-inner-col{flex-direction:column;justify-content:center;}}<\/style>\n<div class=\"wp-block-kadence-column inner-column-1 kadence-column_038527-00\"><div class=\"kt-inside-inner-col\">\n<p>Updated 10.6.2022<\/p>\n\n\n<style>.wp-block-kadence-advancedheading.kt-adv-heading_23243f-1a, .wp-block-kadence-advancedheading.kt-adv-heading_23243f-1a[data-kb-block=\"kb-adv-heading_23243f-1a\"]{font-style:normal;}.wp-block-kadence-advancedheading.kt-adv-heading_23243f-1a mark.kt-highlight, .wp-block-kadence-advancedheading.kt-adv-heading_23243f-1a[data-kb-block=\"kb-adv-heading_23243f-1a\"] mark.kt-highlight{font-style:normal;color:#f76a0c;-webkit-box-decoration-break:clone;box-decoration-break:clone;padding-top:0px;padding-right:0px;padding-bottom:0px;padding-left:0px;}.wp-block-kadence-advancedheading.kt-adv-heading_23243f-1a img.kb-inline-image, .wp-block-kadence-advancedheading.kt-adv-heading_23243f-1a[data-kb-block=\"kb-adv-heading_23243f-1a\"] img.kb-inline-image{width:150px;vertical-align:baseline;}<\/style>\n<h2 class=\"kt-adv-heading_23243f-1a wp-block-kadence-advancedheading\" data-kb-block=\"kb-adv-heading_23243f-1a\">Who we are<\/h2>\n\n\n\n<p>Our web service is located at: https:\/\/grandhotelhanko.fi.<\/p>\n\n\n\n<h2 class=\"has-large-font-size wp-block-heading\"><strong>GRAND HOTEL HANKO PRIVACY POLICY<\/strong><\/h2>\n\n\n\n<p>Your privacy is important to Grand Hotel Hanko and Grand Hotel Hanko is committed to comply with the applicable data protection laws. This privacy policy provides information about the personal data Grand Hotel Hanko collects and the ways in which Grand Hotel Hanko uses that personal data.<\/p>\n\n\n\n<p>If you do not agree with this privacy policy, do not use the services provided by Grand Hotel Hanko or provide Grand Hotel Hanko with any personal data.<\/p>\n\n\n\n<p class=\"has-large-font-size\"><strong>What personal data Grand Hotel Hanko may collect?<\/strong><\/p>\n\n\n\n<p>Grand Hotel Hanko does not collect and use the following personal data: Connect data, usage data, customer data.<\/p>\n\n\n\n<p class=\"has-large-font-size\"><strong>Does Grand Hotel Hanko share your personal data?<\/strong><\/p>\n\n\n\n<p>No.<\/p>\n\n\n\n<p class=\"has-large-font-size\"><strong>Other services and websites<\/strong><\/p>\n\n\n\n<p>This service may contain links to other services and websites. Grand Hotel Hanko is not responsible for the privacy policies or practices of any third party.<\/p>\n\n\n\n<p class=\"has-large-font-size\"><strong>What are your rights?<\/strong><\/p>\n\n\n\n<p>You have a right to know what personal data we hold about you. You have a right to have incomplete, incorrect, unnecessary or outdated personal data deleted or updated. You may exercise your rights by contacting us or by managing your account and choices through available profile management tools in our service. In some cases, especially if you wish us to delete or stop processing your personal data, this may also mean that we may not be able to continue to provide the service to you. If personal data has been submitted to us by a Grand Hotel Hanko customer and you wish to exercise any rights you may have to access, correct, amend, or delete such data, please inquire with our customer directly. Because Grand Hotel Hanko personnel have limited ability to access data our customers submit to our services, if you wish to make your request directly to Grand Hotel Hanko, please provide the name of the Grand Hotel Hanko customer who submitted your data to our services. We will refer your request to that customer, and will support them as needed in responding to your request within a reasonable time.<\/p>\n\n\n\n<p class=\"has-large-font-size\"><strong>Who is the controller of your personal data?<\/strong><\/p>\n\n\n\n<p>Grand Hotel Hanko Oy, Korkeavuorenkatu 13 as 5, 10900 Hanko, Finland, is the controller of your personal data. If you have any questions about this privacy policy or the treatment of your personal data, please contact Grand Hotel Hanko:<\/p>\n\n\n\n<p>\u25cf by email to info@grandhotelhanko.fi; or<\/p>\n\n\n\n<p>\u25cf by post to Grand Hotel Hanko Oy, Runeberginkatu 40A9, 00260 Helsinki, Finland.<\/p>\n\n\n\n<p class=\"has-large-font-size\"><strong>Changes<\/strong><\/p>\n\n\n\n<p>Grand Hotel Hanko Oy&nbsp;reserves a right to change this privacy policy. A notification about the changes is published on the Grand Hotel Hanko Oy\u2019s website<\/p>\n\n\n\n<p><\/p>\n<\/div><\/div>\n\n\n<style>.kadence-column_d7d0d0-ba > .kt-inside-inner-col{border-top-width:0px;border-right-width:0px;border-bottom-width:0px;border-left-width:0px;}.kadence-column_d7d0d0-ba > .kt-inside-inner-col,.kadence-column_d7d0d0-ba > .kt-inside-inner-col:before{border-top-left-radius:0px;border-top-right-radius:0px;border-bottom-right-radius:0px;border-bottom-left-radius:0px;}.kadence-column_d7d0d0-ba > .kt-inside-inner-col{column-gap:var(--global-kb-gap-sm, 1rem);}.kadence-column_d7d0d0-ba > .kt-inside-inner-col{flex-direction:column;}.kadence-column_d7d0d0-ba > .kt-inside-inner-col > .aligncenter{width:100%;}.kadence-column_d7d0d0-ba > .kt-inside-inner-col:before{opacity:0.3;}.kadence-column_d7d0d0-ba{position:relative;}@media all and (max-width: 1024px){.kadence-column_d7d0d0-ba > .kt-inside-inner-col{flex-direction:column;justify-content:center;}}@media all and (max-width: 767px){.kadence-column_d7d0d0-ba > .kt-inside-inner-col{flex-direction:column;justify-content:center;}}<\/style>\n<div class=\"wp-block-kadence-column inner-column-2 kadence-column_d7d0d0-ba\"><div class=\"kt-inside-inner-col\"><\/div><\/div>\n<\/div><\/div><\/div>\n","protected":false},"excerpt":{"rendered":"<p>Privacy policy Updated 10.6.2022 Who we are Our web service is located at: https:\/\/grandhotelhanko.fi. GRAND HOTEL HANKO PRIVACY POLICY Your privacy is important to Grand Hotel Hanko and Grand Hotel Hanko is committed to comply with the applicable data protection laws. This privacy policy provides information about the personal data Grand Hotel Hanko collects and&#8230;<\/p>\n","protected":false},"author":3,"featured_media":0,"parent":0,"menu_order":0,"comment_status":"closed","ping_status":"open","template":"","meta":{"inline_featured_image":false,"_kad_blocks_custom_css":"","_kad_blocks_head_custom_js":"","_kad_blocks_body_custom_js":"","_kad_blocks_footer_custom_js":"","_kadence_starter_templates_imported_post":false,"_kad_post_transparent":"default","_kad_post_title":"default","_kad_post_layout":"default","_kad_post_sidebar_id":"","_kad_post_content_style":"","_kad_post_vertical_padding":"default","_kad_post_feature":"","_kad_post_feature_position":"","_kad_post_header":false,"_kad_post_footer":false,"_kad_post_classname":"","footnotes":""},"class_list":["post-2373","page","type-page","status-publish","hentry"],"yoast_head":"<!-- This site is optimized with the Yoast SEO plugin v27.4 - https:\/\/yoast.com\/product\/yoast-seo-wordpress\/ -->\n<title>Privacy policy - Grand Hotel Hanko<\/title>\n<meta name=\"robots\" content=\"index, follow, max-snippet:-1, max-image-preview:large, max-video-preview:-1\" \/>\n<link rel=\"canonical\" href=\"https:\/\/grandhotelhanko.fi\/en\/privacy-policy\/\" \/>\n<meta property=\"og:locale\" content=\"en_US\" \/>\n<meta property=\"og:type\" content=\"article\" \/>\n<meta property=\"og:title\" content=\"Privacy policy - Grand Hotel Hanko\" \/>\n<meta property=\"og:description\" content=\"Privacy policy Updated 10.6.2022 Who we are Our web service is located at: https:\/\/grandhotelhanko.fi. GRAND HOTEL HANKO PRIVACY POLICY Your privacy is important to Grand Hotel Hanko and Grand Hotel Hanko is committed to comply with the applicable data protection laws. This privacy policy provides information about the personal data Grand Hotel Hanko collects and...\" \/>\n<meta property=\"og:url\" content=\"https:\/\/grandhotelhanko.fi\/en\/privacy-policy\/\" \/>\n<meta property=\"og:site_name\" content=\"Grand Hotel Hanko\" \/>\n<meta property=\"article:modified_time\" content=\"2022-06-10T09:12:30+00:00\" \/>\n<meta name=\"twitter:card\" content=\"summary_large_image\" \/>\n<meta name=\"twitter:label1\" content=\"Est. reading time\" \/>\n\t<meta name=\"twitter:data1\" content=\"3 minutes\" \/>\n<script type=\"application\/ld+json\" class=\"yoast-schema-graph\">{\"@context\":\"https:\\\/\\\/schema.org\",\"@graph\":[{\"@type\":\"WebPage\",\"@id\":\"https:\\\/\\\/grandhotelhanko.fi\\\/en\\\/privacy-policy\\\/\",\"url\":\"https:\\\/\\\/grandhotelhanko.fi\\\/en\\\/privacy-policy\\\/\",\"name\":\"Privacy policy - Grand Hotel Hanko\",\"isPartOf\":{\"@id\":\"https:\\\/\\\/grandhotelhanko-fi.hel9.wp-cloud.dev\\\/#website\"},\"datePublished\":\"2022-02-16T14:08:07+00:00\",\"dateModified\":\"2022-06-10T09:12:30+00:00\",\"breadcrumb\":{\"@id\":\"https:\\\/\\\/grandhotelhanko.fi\\\/en\\\/privacy-policy\\\/#breadcrumb\"},\"inLanguage\":\"en-US\",\"potentialAction\":[{\"@type\":\"ReadAction\",\"target\":[\"https:\\\/\\\/grandhotelhanko.fi\\\/en\\\/privacy-policy\\\/\"]}]},{\"@type\":\"BreadcrumbList\",\"@id\":\"https:\\\/\\\/grandhotelhanko.fi\\\/en\\\/privacy-policy\\\/#breadcrumb\",\"itemListElement\":[{\"@type\":\"ListItem\",\"position\":1,\"name\":\"Etusivu\",\"item\":\"https:\\\/\\\/grandhotelhanko.fi\\\/en\\\/\"},{\"@type\":\"ListItem\",\"position\":2,\"name\":\"Privacy policy\"}]},{\"@type\":\"WebSite\",\"@id\":\"https:\\\/\\\/grandhotelhanko-fi.hel9.wp-cloud.dev\\\/#website\",\"url\":\"https:\\\/\\\/grandhotelhanko-fi.hel9.wp-cloud.dev\\\/\",\"name\":\"Grand Hotel Hanko\",\"description\":\"Syv\u00e4luotausta horeca-yritt\u00e4j\u00e4lle\",\"publisher\":{\"@id\":\"https:\\\/\\\/grandhotelhanko-fi.hel9.wp-cloud.dev\\\/#organization\"},\"potentialAction\":[{\"@type\":\"SearchAction\",\"target\":{\"@type\":\"EntryPoint\",\"urlTemplate\":\"https:\\\/\\\/grandhotelhanko-fi.hel9.wp-cloud.dev\\\/?s={search_term_string}\"},\"query-input\":{\"@type\":\"PropertyValueSpecification\",\"valueRequired\":true,\"valueName\":\"search_term_string\"}}],\"inLanguage\":\"en-US\"},{\"@type\":\"Organization\",\"@id\":\"https:\\\/\\\/grandhotelhanko-fi.hel9.wp-cloud.dev\\\/#organization\",\"name\":\"Grand Hotel Hanko\",\"url\":\"https:\\\/\\\/grandhotelhanko-fi.hel9.wp-cloud.dev\\\/\",\"logo\":{\"@type\":\"ImageObject\",\"inLanguage\":\"en-US\",\"@id\":\"https:\\\/\\\/grandhotelhanko-fi.hel9.wp-cloud.dev\\\/#\\\/schema\\\/logo\\\/image\\\/\",\"url\":\"https:\\\/\\\/grandhotelhanko.fi\\\/wp-content\\\/uploads\\\/2022\\\/02\\\/logo-white.svg\",\"contentUrl\":\"https:\\\/\\\/grandhotelhanko.fi\\\/wp-content\\\/uploads\\\/2022\\\/02\\\/logo-white.svg\",\"width\":128,\"height\":90,\"caption\":\"Grand Hotel Hanko\"},\"image\":{\"@id\":\"https:\\\/\\\/grandhotelhanko-fi.hel9.wp-cloud.dev\\\/#\\\/schema\\\/logo\\\/image\\\/\"}}]}<\/script>\n<!-- \/ Yoast SEO plugin. -->","yoast_head_json":{"title":"Privacy policy - Grand Hotel Hanko","robots":{"index":"index","follow":"follow","max-snippet":"max-snippet:-1","max-image-preview":"max-image-preview:large","max-video-preview":"max-video-preview:-1"},"canonical":"https:\/\/grandhotelhanko.fi\/en\/privacy-policy\/","og_locale":"en_US","og_type":"article","og_title":"Privacy policy - Grand Hotel Hanko","og_description":"Privacy policy Updated 10.6.2022 Who we are Our web service is located at: https:\/\/grandhotelhanko.fi. GRAND HOTEL HANKO PRIVACY POLICY Your privacy is important to Grand Hotel Hanko and Grand Hotel Hanko is committed to comply with the applicable data protection laws. This privacy policy provides information about the personal data Grand Hotel Hanko collects and...","og_url":"https:\/\/grandhotelhanko.fi\/en\/privacy-policy\/","og_site_name":"Grand Hotel Hanko","article_modified_time":"2022-06-10T09:12:30+00:00","twitter_card":"summary_large_image","twitter_misc":{"Est. reading time":"3 minutes"},"schema":{"@context":"https:\/\/schema.org","@graph":[{"@type":"WebPage","@id":"https:\/\/grandhotelhanko.fi\/en\/privacy-policy\/","url":"https:\/\/grandhotelhanko.fi\/en\/privacy-policy\/","name":"Privacy policy - Grand Hotel Hanko","isPartOf":{"@id":"https:\/\/grandhotelhanko-fi.hel9.wp-cloud.dev\/#website"},"datePublished":"2022-02-16T14:08:07+00:00","dateModified":"2022-06-10T09:12:30+00:00","breadcrumb":{"@id":"https:\/\/grandhotelhanko.fi\/en\/privacy-policy\/#breadcrumb"},"inLanguage":"en-US","potentialAction":[{"@type":"ReadAction","target":["https:\/\/grandhotelhanko.fi\/en\/privacy-policy\/"]}]},{"@type":"BreadcrumbList","@id":"https:\/\/grandhotelhanko.fi\/en\/privacy-policy\/#breadcrumb","itemListElement":[{"@type":"ListItem","position":1,"name":"Etusivu","item":"https:\/\/grandhotelhanko.fi\/en\/"},{"@type":"ListItem","position":2,"name":"Privacy policy"}]},{"@type":"WebSite","@id":"https:\/\/grandhotelhanko-fi.hel9.wp-cloud.dev\/#website","url":"https:\/\/grandhotelhanko-fi.hel9.wp-cloud.dev\/","name":"Grand Hotel Hanko","description":"Syv\u00e4luotausta horeca-yritt\u00e4j\u00e4lle","publisher":{"@id":"https:\/\/grandhotelhanko-fi.hel9.wp-cloud.dev\/#organization"},"potentialAction":[{"@type":"SearchAction","target":{"@type":"EntryPoint","urlTemplate":"https:\/\/grandhotelhanko-fi.hel9.wp-cloud.dev\/?s={search_term_string}"},"query-input":{"@type":"PropertyValueSpecification","valueRequired":true,"valueName":"search_term_string"}}],"inLanguage":"en-US"},{"@type":"Organization","@id":"https:\/\/grandhotelhanko-fi.hel9.wp-cloud.dev\/#organization","name":"Grand Hotel Hanko","url":"https:\/\/grandhotelhanko-fi.hel9.wp-cloud.dev\/","logo":{"@type":"ImageObject","inLanguage":"en-US","@id":"https:\/\/grandhotelhanko-fi.hel9.wp-cloud.dev\/#\/schema\/logo\/image\/","url":"https:\/\/grandhotelhanko.fi\/wp-content\/uploads\/2022\/02\/logo-white.svg","contentUrl":"https:\/\/grandhotelhanko.fi\/wp-content\/uploads\/2022\/02\/logo-white.svg","width":128,"height":90,"caption":"Grand Hotel Hanko"},"image":{"@id":"https:\/\/grandhotelhanko-fi.hel9.wp-cloud.dev\/#\/schema\/logo\/image\/"}}]}},"taxonomy_info":[],"featured_image_src_large":false,"author_info":{"display_name":"ghh_admin","author_link":"https:\/\/grandhotelhanko.fi\/en\/blogi\/author\/ghh_admin\/"},"comment_info":0,"_links":{"self":[{"href":"https:\/\/grandhotelhanko.fi\/en\/wp-json\/wp\/v2\/pages\/2373","targetHints":{"allow":["GET"]}}],"collection":[{"href":"https:\/\/grandhotelhanko.fi\/en\/wp-json\/wp\/v2\/pages"}],"about":[{"href":"https:\/\/grandhotelhanko.fi\/en\/wp-json\/wp\/v2\/types\/page"}],"author":[{"embeddable":true,"href":"https:\/\/grandhotelhanko.fi\/en\/wp-json\/wp\/v2\/users\/3"}],"replies":[{"embeddable":true,"href":"https:\/\/grandhotelhanko.fi\/en\/wp-json\/wp\/v2\/comments?post=2373"}],"version-history":[{"count":4,"href":"https:\/\/grandhotelhanko.fi\/en\/wp-json\/wp\/v2\/pages\/2373\/revisions"}],"predecessor-version":[{"id":2427,"href":"https:\/\/grandhotelhanko.fi\/en\/wp-json\/wp\/v2\/pages\/2373\/revisions\/2427"}],"wp:attachment":[{"href":"https:\/\/grandhotelhanko.fi\/en\/wp-json\/wp\/v2\/media?parent=2373"}],"curies":[{"name":"wp","href":"https:\/\/api.w.org\/{rel}","templated":true}]}}